{"id":6659,"date":"2025-10-13T14:19:06","date_gmt":"2025-10-13T11:19:06","guid":{"rendered":"https:\/\/samaritanus.ro\/produs\/elsosegely-tanfolyam-szerda-29-oktober-2025-hu\/"},"modified":"2025-10-13T14:19:06","modified_gmt":"2025-10-13T11:19:06","slug":"elsosegely-tanfolyam-szerda-29-oktober-2025-hu","status":"publish","type":"product","link":"https:\/\/samaritanus.ro\/hu\/produs\/elsosegely-tanfolyam-szerda-29-oktober-2025-hu\/","title":{"rendered":"Els\u0151seg\u00e9ly tanfolyam \u2013 szerda, 29 okt\u00f3ber 2025"},"content":{"rendered":"<p>Foglalj helyet az els\u0151seg\u00e9ly tanfolyamra \u2013 szerda, 29 okt\u00f3ber 2025<\/p>\n","protected":false},"excerpt":{"rendered":"<p>Foglalj helyet az els\u0151seg\u00e9ly tanfolyamra \u2013 szerda, 29 okt\u00f3ber 2025<\/p>\n","protected":false},"featured_media":0,"comment_status":"open","ping_status":"closed","template":"","meta":{"_acf_changed":false},"product_brand":[],"product_cat":[],"product_tag":[],"class_list":{"0":"post-6659","1":"product","2":"type-product","3":"status-publish","6":"first","7":"instock","8":"virtual","9":"purchasable","10":"product-type-simple"},"acf":[],"_links":{"self":[{"href":"https:\/\/samaritanus.ro\/hu\/wp-json\/wp\/v2\/product\/6659","targetHints":{"allow":["GET"]}}],"collection":[{"href":"https:\/\/samaritanus.ro\/hu\/wp-json\/wp\/v2\/product"}],"about":[{"href":"https:\/\/samaritanus.ro\/hu\/wp-json\/wp\/v2\/types\/product"}],"replies":[{"embeddable":true,"href":"https:\/\/samaritanus.ro\/hu\/wp-json\/wp\/v2\/comments?post=6659"}],"wp:attachment":[{"href":"https:\/\/samaritanus.ro\/hu\/wp-json\/wp\/v2\/media?parent=6659"}],"wp:term":[{"taxonomy":"product_brand","embeddable":true,"href":"https:\/\/samaritanus.ro\/hu\/wp-json\/wp\/v2\/product_brand?post=6659"},{"taxonomy":"product_cat","embeddable":true,"href":"https:\/\/samaritanus.ro\/hu\/wp-json\/wp\/v2\/product_cat?post=6659"},{"taxonomy":"product_tag","embeddable":true,"href":"https:\/\/samaritanus.ro\/hu\/wp-json\/wp\/v2\/product_tag?post=6659"}],"curies":[{"name":"wp","href":"https:\/\/api.w.org\/{rel}","templated":true}]}}