{"id":3796,"date":"2017-03-10T07:29:16","date_gmt":"2017-03-10T05:29:16","guid":{"rendered":"https:\/\/samaritanus.ro\/?page_id=3796"},"modified":"2025-08-16T19:07:35","modified_gmt":"2025-08-16T17:07:35","slug":"aparatura-medicala-in-ambulante","status":"publish","type":"page","link":"https:\/\/samaritanus.ro\/hu\/orvosi-szolgaltatasok\/aparatura-medicala-in-ambulante\/","title":{"rendered":"Otthoni Orvosi Konzult\u00e1ci\u00f3k"},"content":{"rendered":"\t\t<div data-elementor-type=\"wp-page\" data-elementor-id=\"3796\" class=\"elementor elementor-3796 elementor-3795\">\n\t\t\t\t<div class=\"elementor-element elementor-element-7bf6f9cd e-flex e-con-boxed e-con e-parent\" data-id=\"7bf6f9cd\" data-element_type=\"container\">\n\t\t\t\t\t<div class=\"e-con-inner\">\n\t\t\t\t<div class=\"elementor-element elementor-element-5e7b162a elementor-widget elementor-widget-text-editor\" data-id=\"5e7b162a\" data-element_type=\"widget\" data-widget_type=\"text-editor.default\">\n\t\t\t\t<div class=\"elementor-widget-container\">\n\t\t\t\t\t\t\t\t\tA Samaritanus Ment\u0151szolg\u00e1lat elk\u00f6telezett amellett, hogy magas sz\u00ednvonal\u00fa orvosi szolg\u00e1ltat\u00e1sokat ny\u00fajtson k\u00f6zvetlen\u00fcl p\u00e1cienseink otthon\u00e1ban. Szak\u00e9rt\u0151 csapatunk k\u00e9szen \u00e1ll arra, hogy sz\u00e9les k\u00f6r\u0171 orvosi szolg\u00e1ltat\u00e1sokat k\u00edn\u00e1ljon, ezzel biztos\u00edtva az ell\u00e1t\u00e1s folyamatoss\u00e1g\u00e1t \u00e9s a betegek k\u00e9nyelm\u00e9t.<br><br><strong><span style=\"color: #00ccff;\">\r\nSzolg\u00e1ltat\u00e1saink a k\u00f6vetkez\u0151k:<\/span><\/strong><br><br><strong><span style=\"color: #ff0000;\">\r\n\u00c9letfunkci\u00f3k felm\u00e9r\u00e9se<\/span><\/strong><br><br>&nbsp;<br><figure class=\"wp-block-image alignleft\"><img fetchpriority=\"high\" decoding=\"async\" width=\"300\" height=\"300\" class=\"wp-image-2196\" src=\"https:\/\/samaritanus.ro\/wp-content\/uploads\/2025\/01\/consultatii-medicale-la-domiciliu-evaluare-functii-vitale-300x300.png\" alt=\"Otthoni orvosi konzult\u00e1ci\u00f3k \u00e9letfunkci\u00f3k felm\u00e9r\u00e9se\" title=\"\" srcset=\"https:\/\/samaritanus.ro\/wp-content\/uploads\/2025\/01\/consultatii-medicale-la-domiciliu-evaluare-functii-vitale-300x300.png 300w, https:\/\/samaritanus.ro\/wp-content\/uploads\/2025\/01\/consultatii-medicale-la-domiciliu-evaluare-functii-vitale-1024x1024.png 1024w, https:\/\/samaritanus.ro\/wp-content\/uploads\/2025\/01\/consultatii-medicale-la-domiciliu-evaluare-functii-vitale-150x150.png 150w, https:\/\/samaritanus.ro\/wp-content\/uploads\/2025\/01\/consultatii-medicale-la-domiciliu-evaluare-functii-vitale-768x768.png 768w, https:\/\/samaritanus.ro\/wp-content\/uploads\/2025\/01\/consultatii-medicale-la-domiciliu-evaluare-functii-vitale-1536x1536.png 1536w, https:\/\/samaritanus.ro\/wp-content\/uploads\/2025\/01\/consultatii-medicale-la-domiciliu-evaluare-functii-vitale-52x52.png 52w, https:\/\/samaritanus.ro\/wp-content\/uploads\/2025\/01\/consultatii-medicale-la-domiciliu-evaluare-functii-vitale-600x600.png 600w, https:\/\/samaritanus.ro\/wp-content\/uploads\/2025\/01\/consultatii-medicale-la-domiciliu-evaluare-functii-vitale-100x100.png 100w, https:\/\/samaritanus.ro\/wp-content\/uploads\/2025\/01\/consultatii-medicale-la-domiciliu-evaluare-functii-vitale.png 2000w\" sizes=\"(max-width: 300px) 100vw, 300px\" \/><\/figure><br><h4><img decoding=\"async\" class=\"alignnone wp-image-2317\" src=\"https:\/\/samaritanus.ro\/wp-content\/uploads\/2025\/01\/check-300x255.png\" alt=\"\" width=\"27\" height=\"23\" title=\"\" srcset=\"https:\/\/samaritanus.ro\/wp-content\/uploads\/2025\/01\/check-300x255.png 300w, https:\/\/samaritanus.ro\/wp-content\/uploads\/2025\/01\/check-768x652.png 768w, https:\/\/samaritanus.ro\/wp-content\/uploads\/2025\/01\/check.png 861w, https:\/\/samaritanus.ro\/wp-content\/uploads\/2025\/01\/check-61x52.png 61w, https:\/\/samaritanus.ro\/wp-content\/uploads\/2025\/01\/check-600x509.png 600w\" sizes=\"(max-width: 27px) 100vw, 27px\" \/><strong>V\u00e9rnyom\u00e1sm\u00e9r\u00e9s<\/strong><\/h4><br>A v\u00e9rnyom\u00e1s monitoroz\u00e1sa elengedhetetlen a magas vagy alacsony v\u00e9rnyom\u00e1s (hipert\u00f3nia vagy hipot\u00f3nia) \u00e9szlel\u00e9s\u00e9hez, amelyek s\u00falyos k\u00f6vetkezm\u00e9nyekkel j\u00e1rhatnak a sz\u00edv \u00e9s m\u00e1s l\u00e9tfontoss\u00e1g\u00fa szervek eg\u00e9szs\u00e9g\u00e9re.<br><h4 class=\"wp-block-heading\"><\/h4><br>A pulzus fontos inform\u00e1ci\u00f3kkal szolg\u00e1l a sz\u00edvritmusr\u00f3l \u00e9s a sz\u00edv- \u00e9s \u00e9rrendszer eg\u00e9szs\u00e9g\u00e9r\u0151l. A t\u00fal gyors (tahikardia) vagy t\u00fal lass\u00fa (bradikardia) pulzus azonnali kezel\u00e9st ig\u00e9nyl\u0151 probl\u00e9m\u00e1kra utalhat.<br><br>Az oxig\u00e9nszatur\u00e1ci\u00f3 a szervezet oxig\u00e9nsz\u00e1ll\u00edt\u00f3 k\u00e9pess\u00e9g\u00e9t t\u00fckr\u00f6zi a sz\u00f6vetekhez. Az alacsony szintek l\u00e9gz\u00e9si vagy kering\u00e9si probl\u00e9m\u00e1kat jelezhetnek, \u00e9s gyors beavatkoz\u00e1st ig\u00e9nyelhetnek.<br><br>Az \u00e9letfunkci\u00f3k felm\u00e9r\u00e9se minden orvosi vizsg\u00e1lat alapvet\u0151 r\u00e9sze, mivel:<br><div class=\"wp-block-group\">\r\n<ul class=\"wp-block-list\">\r\n \t<li>\u00c1tfog\u00f3 k\u00e9pet ny\u00fajt az \u00e1ltal\u00e1nos eg\u00e9szs\u00e9gi \u00e1llapotr\u00f3l. Seg\u00edt a rejtett vagy kialakul\u00f3ban l\u00e9v\u0151 eg\u00e9szs\u00e9g\u00fcgyi probl\u00e9m\u00e1k gyors azonos\u00edt\u00e1s\u00e1ban.<\/li>\r\n \t<li>Kulcsfontoss\u00e1g\u00fa a kr\u00f3nikus betegs\u00e9gekben, p\u00e9ld\u00e1ul magas v\u00e9rnyom\u00e1sban, t\u00fcd\u0151betegs\u00e9gben vagy sz\u00edvel\u00e9gtelens\u00e9gben szenved\u0151k monitoroz\u00e1s\u00e1ban.<\/li>\r\n \t<li>Ir\u00e1ny\u00edtja az orvosi d\u00f6nt\u00e9seket, bele\u00e9rtve a kezel\u00e9s bead\u00e1s\u00e1t \u00e9s a tov\u00e1bbi vizsg\u00e1latokra vonatkoz\u00f3 javaslatokat.<\/li>\r\n<\/ul>\r\n<\/div><br>Ezek a m\u00e9r\u00e9sek k\u00e9pezik a helyes diagn\u00f3zis \u00e9s a hat\u00e9kony kezel\u00e9si terv alapj\u00e1t. Id\u0151ben elv\u00e9gezve megel\u0151zhetik a sz\u00f6v\u0151dm\u00e9nyeket \u00e9s \u00e9leteket menthetnek.<br><h4 class=\"wp-block-heading\"><\/h4><br><img decoding=\"async\" class=\"size-medium wp-image-2328 alignleft\" src=\"https:\/\/samaritanus.ro\/wp-content\/uploads\/2025\/01\/consultatii-medicale-la-domiciliu-electrocardiograma-300x300.png\" alt=\"otthoni orvosi konzult\u00e1ci\u00f3k elektrokardiogram\" width=\"300\" height=\"300\" title=\"\" srcset=\"https:\/\/samaritanus.ro\/wp-content\/uploads\/2025\/01\/consultatii-medicale-la-domiciliu-electrocardiograma-300x300.png 300w, https:\/\/samaritanus.ro\/wp-content\/uploads\/2025\/01\/consultatii-medicale-la-domiciliu-electrocardiograma-1024x1024.png 1024w, https:\/\/samaritanus.ro\/wp-content\/uploads\/2025\/01\/consultatii-medicale-la-domiciliu-electrocardiograma-150x150.png 150w, https:\/\/samaritanus.ro\/wp-content\/uploads\/2025\/01\/consultatii-medicale-la-domiciliu-electrocardiograma-768x768.png 768w, https:\/\/samaritanus.ro\/wp-content\/uploads\/2025\/01\/consultatii-medicale-la-domiciliu-electrocardiograma-1536x1536.png 1536w, https:\/\/samaritanus.ro\/wp-content\/uploads\/2025\/01\/consultatii-medicale-la-domiciliu-electrocardiograma-52x52.png 52w, https:\/\/samaritanus.ro\/wp-content\/uploads\/2025\/01\/consultatii-medicale-la-domiciliu-electrocardiograma-600x600.png 600w, https:\/\/samaritanus.ro\/wp-content\/uploads\/2025\/01\/consultatii-medicale-la-domiciliu-electrocardiograma-100x100.png 100w, https:\/\/samaritanus.ro\/wp-content\/uploads\/2025\/01\/consultatii-medicale-la-domiciliu-electrocardiograma.png 2000w\" sizes=\"(max-width: 300px) 100vw, 300px\" \/><img decoding=\"async\" class=\"alignnone wp-image-2317\" src=\"https:\/\/samaritanus.ro\/wp-content\/uploads\/2025\/01\/check-300x255.png\" alt=\"\" width=\"27\" height=\"23\" title=\"\" srcset=\"https:\/\/samaritanus.ro\/wp-content\/uploads\/2025\/01\/check-300x255.png 300w, https:\/\/samaritanus.ro\/wp-content\/uploads\/2025\/01\/check-768x652.png 768w, https:\/\/samaritanus.ro\/wp-content\/uploads\/2025\/01\/check.png 861w, https:\/\/samaritanus.ro\/wp-content\/uploads\/2025\/01\/check-61x52.png 61w, https:\/\/samaritanus.ro\/wp-content\/uploads\/2025\/01\/check-600x509.png 600w\" sizes=\"(max-width: 27px) 100vw, 27px\" \/><strong>Elektrokardiogram (EKG)<\/strong><br><br>Az EKG egy alapvet\u0151, non-invaz\u00edv vizsg\u00e1lat a sz\u00edv eg\u00e9szs\u00e9g\u00e9nek felm\u00e9r\u00e9s\u00e9re. M\u00e9ri a sz\u00edv elektromos aktivit\u00e1s\u00e1t, \u00e9s k\u00e9pes kimutatni a k\u00f6vetkez\u0151ket:<br><br>Sz\u00edvinfarktus jelei (kor\u00e1bbi vagy folyamatban l\u00e9v\u0151).<br>A sz\u00edv elektromos impulzusainak vezet\u00e9si zavarai, p\u00e9ld\u00e1ul sz\u00edvblokkok.<br>Sz\u00edvterhel\u00e9s vagy m\u00e1s betegs\u00e9gekkel \u00f6sszef\u00fcgg\u0151 elv\u00e1ltoz\u00e1sok.<br><br>Az EKG k\u00e9pes azonos\u00edtani a sz\u00edv- \u00e9s \u00e9rrendszeri probl\u00e9m\u00e1kat, miel\u0151tt a t\u00fcnetek s\u00falyoss\u00e1 v\u00e1ln\u00e1nak, seg\u00edtve ezzel a s\u00falyos sz\u00f6v\u0151dm\u00e9nyek, p\u00e9ld\u00e1ul a sz\u00edvroham megel\u0151z\u00e9s\u00e9t.<br><br>&nbsp;<br><br>&nbsp;<br><br>&nbsp;<br><figure class=\"wp-block-image alignleft\"><img decoding=\"async\" class=\"wp-image-2205\" src=\"https:\/\/samaritanus.ro\/wp-content\/uploads\/2025\/01\/consultatii-medicale-la-domiciliu-ecografie-abdominala-300x300.png\" alt=\"otthoni orvosi konzult\u00e1ci\u00f3k hasi ultrahang -samaritanus.ro\" title=\"\"><\/figure><br><p style=\"padding-left: 40px;\"><strong><img loading=\"lazy\" decoding=\"async\" class=\"wp-image-2317 alignleft\" src=\"https:\/\/samaritanus.ro\/wp-content\/uploads\/2025\/01\/check-300x255.png\" alt=\"\" width=\"27\" height=\"23\" title=\"\" srcset=\"https:\/\/samaritanus.ro\/wp-content\/uploads\/2025\/01\/check-300x255.png 300w, https:\/\/samaritanus.ro\/wp-content\/uploads\/2025\/01\/check-768x652.png 768w, https:\/\/samaritanus.ro\/wp-content\/uploads\/2025\/01\/check.png 861w, https:\/\/samaritanus.ro\/wp-content\/uploads\/2025\/01\/check-61x52.png 61w, https:\/\/samaritanus.ro\/wp-content\/uploads\/2025\/01\/check-600x509.png 600w\" sizes=\"(max-width: 27px) 100vw, 27px\" \/>Hasi ultrahang<\/strong><\/p><br>Ez egy biztons\u00e1gos \u00e9s hat\u00e9kony k\u00e9palkot\u00f3 elj\u00e1r\u00e1s, amely ultrahangot haszn\u00e1l a bels\u0151 szervek, p\u00e9ld\u00e1ul a m\u00e1j, a ves\u00e9k, az epeh\u00f3lyag, a hasny\u00e1lmirigy \u00e9s a l\u00e9p vizsg\u00e1lat\u00e1ra.<br><br><strong>A hasi ultrahang seg\u00edts\u00e9g\u00e9vel kimutathat\u00f3k:<\/strong><br><div class=\"wp-block-group\">\r\n<ul class=\"wp-block-list\">\r\n \t<li>Epe- vagy vesek\u00f6vess\u00e9g.<\/li>\r\n \t<li>A hasi szervek gyullad\u00e1sai vagy fert\u0151z\u00e9sei.<\/li>\r\n \t<li>Daganatok vagy m\u00e1s rendellenes k\u00e9pz\u0151dm\u00e9nyek.<\/li>\r\n \t<li>A bels\u0151 szervek szerkezeti elv\u00e1ltoz\u00e1sai.<\/li>\r\n<\/ul>\r\n&nbsp;\r\n\r\n<\/div><br><p class=\"wp-block-heading\"><strong><img loading=\"lazy\" decoding=\"async\" class=\"alignnone wp-image-2323\" src=\"https:\/\/samaritanus.ro\/wp-content\/uploads\/2025\/01\/doctor-227x300.png\" alt=\"orvos vizu\u00e1lis jel\" width=\"46\" height=\"61\" title=\"\" srcset=\"https:\/\/samaritanus.ro\/wp-content\/uploads\/2025\/01\/doctor-227x300.png 227w, https:\/\/samaritanus.ro\/wp-content\/uploads\/2025\/01\/doctor-39x52.png 39w, https:\/\/samaritanus.ro\/wp-content\/uploads\/2025\/01\/doctor-600x793.png 600w, https:\/\/samaritanus.ro\/wp-content\/uploads\/2025\/01\/doctor.png 722w\" sizes=\"(max-width: 46px) 100vw, 46px\" \/>Mi\u00e9rt fontos ez a vizsg\u00e1lat?<\/strong><\/p><br>A hasi ultrahang lehet\u0151v\u00e9 teszi olyan s\u00falyos betegs\u00e9gek korai felismer\u00e9s\u00e9t, amelyek egy\u00e9bk\u00e9nt \u00e9szrev\u00e9tlenek maradn\u00e1nak. Gyors, non-invaz\u00edv \u00e9s mell\u00e9khat\u00e1sok n\u00e9lk\u00fcli vizsg\u00e1lat, ide\u00e1lis a hasi probl\u00e9m\u00e1k diagnosztiz\u00e1l\u00e1s\u00e1ra.<br><p class=\"wp-block-heading\"><strong><img loading=\"lazy\" decoding=\"async\" class=\"alignnone wp-image-2323\" src=\"https:\/\/samaritanus.ro\/wp-content\/uploads\/2025\/01\/doctor-227x300.png\" alt=\"orvos vizu\u00e1lis jel\" width=\"46\" height=\"61\" title=\"\" srcset=\"https:\/\/samaritanus.ro\/wp-content\/uploads\/2025\/01\/doctor-227x300.png 227w, https:\/\/samaritanus.ro\/wp-content\/uploads\/2025\/01\/doctor-39x52.png 39w, https:\/\/samaritanus.ro\/wp-content\/uploads\/2025\/01\/doctor-600x793.png 600w, https:\/\/samaritanus.ro\/wp-content\/uploads\/2025\/01\/doctor.png 722w\" sizes=\"(max-width: 46px) 100vw, 46px\" \/><\/strong>Ezek a legmodernebb hordozhat\u00f3 berendez\u00e9sekkel v\u00e9gzett vizsg\u00e1latok gyors \u00e9s pontos diagn\u00f3zist biztos\u00edtanak an\u00e9lk\u00fcl, hogy a klinik\u00e1ra vagy k\u00f3rh\u00e1zba kellene utazni.<\/p><br><strong><span style=\"color: #ff0000;\">Teljes k\u00f6r\u0171 klinikai vizsg\u00e1lat<\/span><\/strong><br><br>&nbsp;<br><figure class=\"wp-block-image alignleft\"><img decoding=\"async\" class=\"wp-image-2207\" src=\"https:\/\/samaritanus.ro\/wp-content\/uploads\/2025\/01\/consutatii-medicale-la-domiciliu-consult-clinic-complet-300x300.png\" alt=\"otthoni orvosi konzult\u00e1ci\u00f3k teljes k\u00f6r\u0171 klinikai vizsg\u00e1lat\" title=\"\"><\/figure><br>A teljes k\u00f6r\u0171 klinikai vizsg\u00e1lat egy r\u00e9szletes fizik\u00e1lis vizsg\u00e1latb\u00f3l \u00e1ll, amely a p\u00e1ciens eg\u00e9szs\u00e9g\u00e9nek minden aspektus\u00e1t lefedi, tet\u0151t\u0151l talpig. Ez mag\u00e1ban foglalja:<br><div class=\"wp-block-group\">\r\n<ul class=\"wp-block-list\">\r\n \t<li>\u00c1ltal\u00e1nos \u00e1llapotfelm\u00e9r\u00e9s<\/li>\r\n \t<li>A betegs\u00e9g vagy a kellemetlens\u00e9g nyilv\u00e1nval\u00f3 jeleinek megfigyel\u00e9se.<\/li>\r\n \t<li>A hidrat\u00e1lts\u00e1gi \u00e1llapot, a b\u0151rsz\u00edn \u00e9s az energiaszint elemz\u00e9se.<\/li>\r\n \t<li>Szisztematikus vizsg\u00e1lat<\/li>\r\n<\/ul>\r\n<\/div><br><strong>Fej \u00e9s nyak:<\/strong> a szemek, a f\u00fclek, az orr \u00e9s a torok eg\u00e9szs\u00e9g\u00e9nek ellen\u0151rz\u00e9se gyullad\u00e1s, fert\u0151z\u00e9sek vagy egy\u00e9b \u00e1llapotok jeleire.<br><br><strong>Sz\u00edv \u00e9s t\u00fcd\u0151<\/strong>: a sz\u00edv- \u00e9s l\u00e9gz\u00e9si hangok meghallgat\u00e1sa a lehets\u00e9ges rendelleness\u00e9gek, p\u00e9ld\u00e1ul sz\u00edvz\u00f6rejek, aritmi\u00e1k vagy t\u00fcd\u0151probl\u00e9m\u00e1k felder\u00edt\u00e9s\u00e9re.<br><br><strong>Has:<\/strong> a has tapint\u00e1sa az \u00e9rz\u00e9kenys\u00e9g, a lehets\u00e9ges daganatok vagy egy\u00e9b rendelleness\u00e9gek ellen\u0151rz\u00e9s\u00e9re.<br><br><strong>V\u00e9gtagok:<\/strong> az \u00edz\u00fcletek, az izomer\u0151 \u00e9s a perif\u00e9ri\u00e1s kering\u00e9s vizsg\u00e1lata.<br><br>Kieg\u00e9sz\u00edt\u0151 vizsg\u00e1latok a konzult\u00e1ci\u00f3 sor\u00e1n. Sz\u00fcks\u00e9g eset\u00e9n az orvos kieg\u00e9sz\u00edtheti a vizsg\u00e1latot olyan vizsg\u00e1latokkal, mint a v\u00e9rcukorszintm\u00e9r\u00e9s vagy m\u00e1s gyorstesztek, hordozhat\u00f3 eszk\u00f6z\u00f6k seg\u00edts\u00e9g\u00e9vel.<br><div class=\"wp-block-group\">\r\n<ul class=\"wp-block-list\">\r\n \t<li>Lehet\u0151v\u00e9 teszi az \u00e1ltal\u00e1nos eg\u00e9szs\u00e9gi \u00e1llapot alapos felm\u00e9r\u00e9s\u00e9t \u00e9s a betegs\u00e9gek korai st\u00e1diumban t\u00f6rt\u00e9n\u0151 azonos\u00edt\u00e1s\u00e1t.<\/li>\r\n \t<li>Seg\u00edt meg\u00e9rteni a p\u00e1ciens orvosi kontextus\u00e1t, bele\u00e9rtve a kock\u00e1zati t\u00e9nyez\u0151ket, mint p\u00e9ld\u00e1ul az \u00e9letm\u00f3dot vagy a csal\u00e1di anamn\u00e9zist.<\/li>\r\n \t<li>Ir\u00e1ny\u00edtja a d\u00f6nt\u00e9shozatali folyamatot a tov\u00e1bbi vizsg\u00e1latok vagy a gyors kezel\u00e9s megkezd\u00e9se \u00e9rdek\u00e9ben.<\/li>\r\n<\/ul>\r\n<\/div><br>Ez a fajta vizsg\u00e1lat elengedhetetlen l\u00e9p\u00e9s a helyes diagn\u00f3zis fel\u00e1ll\u00edt\u00e1s\u00e1hoz \u00e9s a szem\u00e9lyre szabott orvosi ell\u00e1t\u00e1s biztos\u00edt\u00e1s\u00e1hoz.<br><br>&nbsp;<br><figure class=\"wp-block-image alignleft\"><img decoding=\"async\" class=\"wp-image-2211\" src=\"https:\/\/samaritanus.ro\/wp-content\/uploads\/2025\/01\/consultatii-medicale-la-domiciliu-stabilirea-diagnosticului-si-a-planului-de-tratament-300x300.png\" alt=\"otthoni orvosi konzult\u00e1ci\u00f3k a diagn\u00f3zis \u00e9s a kezel\u00e9si terv meg\u00e1llap\u00edt\u00e1sa\" title=\"\"><\/figure><br><strong><img decoding=\"async\" class=\"alignnone wp-image-2317\" src=\"https:\/\/samaritanus.ro\/wp-content\/uploads\/2025\/01\/check-300x255.png\" alt=\"\" width=\"27\" height=\"23\" title=\"\" srcset=\"https:\/\/samaritanus.ro\/wp-content\/uploads\/2025\/01\/check-300x255.png 300w, https:\/\/samaritanus.ro\/wp-content\/uploads\/2025\/01\/check-768x652.png 768w, https:\/\/samaritanus.ro\/wp-content\/uploads\/2025\/01\/check.png 861w, https:\/\/samaritanus.ro\/wp-content\/uploads\/2025\/01\/check-61x52.png 61w, https:\/\/samaritanus.ro\/wp-content\/uploads\/2025\/01\/check-600x509.png 600w\" sizes=\"(max-width: 27px) 100vw, 27px\" \/>Az \u00f6sszegy\u0171jt\u00f6tt adatok elemz\u00e9se<\/strong><br><div class=\"wp-block-group\">\r\n<ul class=\"wp-block-list\">\r\n \t<li>Az \u00e9letfunkci\u00f3k felm\u00e9r\u00e9s\u00e9b\u0151l, a diagnosztikai vizsg\u00e1latokb\u00f3l \u00e9s a teljes k\u00f6r\u0171 klinikai vizsg\u00e1latb\u00f3l sz\u00e1rmaz\u00f3 eredm\u00e9nyek integr\u00e1l\u00e1sa.<\/li>\r\n \t<li>Az inform\u00e1ci\u00f3k \u00f6sszevet\u00e9se a p\u00e1ciens k\u00f3rt\u00f6rt\u00e9net\u00e9vel az eg\u00e9szs\u00e9gi \u00e1llapot tiszta k\u00e9p\u00e9nek kialak\u00edt\u00e1sa \u00e9rdek\u00e9ben.<\/li>\r\n<\/ul>\r\n<\/div><br><strong><img decoding=\"async\" class=\"alignnone wp-image-2317\" src=\"https:\/\/samaritanus.ro\/wp-content\/uploads\/2025\/01\/check-300x255.png\" alt=\"\" width=\"27\" height=\"23\" title=\"\" srcset=\"https:\/\/samaritanus.ro\/wp-content\/uploads\/2025\/01\/check-300x255.png 300w, https:\/\/samaritanus.ro\/wp-content\/uploads\/2025\/01\/check-768x652.png 768w, https:\/\/samaritanus.ro\/wp-content\/uploads\/2025\/01\/check.png 861w, https:\/\/samaritanus.ro\/wp-content\/uploads\/2025\/01\/check-61x52.png 61w, https:\/\/samaritanus.ro\/wp-content\/uploads\/2025\/01\/check-600x509.png 600w\" sizes=\"(max-width: 27px) 100vw, 27px\" \/>A diagn\u00f3zis fel\u00e1ll\u00edt\u00e1sa<\/strong><br><div class=\"wp-block-group\">\r\n<ul class=\"wp-block-list\">\r\n \t<li>A t\u00fcnetek vagy az \u00e9szlelt eg\u00e9szs\u00e9g\u00fcgyi \u00e1llapotok f\u0151 ok\u00e1nak azonos\u00edt\u00e1sa.<\/li>\r\n \t<li>Akut (pl. fert\u0151z\u00e9sek, hipert\u00f3ni\u00e1s kr\u00edzisek) vagy kr\u00f3nikus (pl. cukorbetegs\u00e9g, sz\u00edvel\u00e9gtelens\u00e9g) \u00e1llapotok diagnosztiz\u00e1l\u00e1sa.<\/li>\r\n<\/ul>\r\n<\/div><br><strong><img decoding=\"async\" class=\"alignnone wp-image-2317\" src=\"https:\/\/samaritanus.ro\/wp-content\/uploads\/2025\/01\/check-300x255.png\" alt=\"\" width=\"27\" height=\"23\" title=\"\" srcset=\"https:\/\/samaritanus.ro\/wp-content\/uploads\/2025\/01\/check-300x255.png 300w, https:\/\/samaritanus.ro\/wp-content\/uploads\/2025\/01\/check-768x652.png 768w, https:\/\/samaritanus.ro\/wp-content\/uploads\/2025\/01\/check.png 861w, https:\/\/samaritanus.ro\/wp-content\/uploads\/2025\/01\/check-61x52.png 61w, https:\/\/samaritanus.ro\/wp-content\/uploads\/2025\/01\/check-600x509.png 600w\" sizes=\"(max-width: 27px) 100vw, 27px\" \/>Szem\u00e9lyre szabott kezel\u00e9si terv kidolgoz\u00e1sa<\/strong><br><div class=\"wp-block-group\">\r\n<ul class=\"wp-block-list\">\r\n \t<li>Az optim\u00e1lis kezel\u00e9s aj\u00e1nl\u00e1sa, a p\u00e1ciens specifikus ig\u00e9nyeihez igaz\u00edtva.<\/li>\r\n \t<li>A kezel\u00e9s mag\u00e1ban foglalhat gy\u00f3gyszeres kezel\u00e9st, \u00e9letm\u00f3dbeli v\u00e1ltoztat\u00e1sokat vagy egy\u00e9b sz\u00fcks\u00e9ges beavatkoz\u00e1sokat.<\/li>\r\n<\/ul>\r\n<\/div><br><strong><img decoding=\"async\" class=\"alignnone wp-image-2317\" src=\"https:\/\/samaritanus.ro\/wp-content\/uploads\/2025\/01\/check-300x255.png\" alt=\"\" width=\"27\" height=\"23\" title=\"\" srcset=\"https:\/\/samaritanus.ro\/wp-content\/uploads\/2025\/01\/check-300x255.png 300w, https:\/\/samaritanus.ro\/wp-content\/uploads\/2025\/01\/check-768x652.png 768w, https:\/\/samaritanus.ro\/wp-content\/uploads\/2025\/01\/check.png 861w, https:\/\/samaritanus.ro\/wp-content\/uploads\/2025\/01\/check-61x52.png 61w, https:\/\/samaritanus.ro\/wp-content\/uploads\/2025\/01\/check-600x509.png 600w\" sizes=\"(max-width: 27px) 100vw, 27px\" \/>A k\u00f6vetkez\u0151 l\u00e9p\u00e9sek vil\u00e1gos k\u00f6zl\u00e9se<\/strong><br><div class=\"wp-block-group\">\r\n<ul class=\"wp-block-list\">\r\n \t<li>A diagn\u00f3zis \u00e9s a kezel\u00e9s elmagyar\u00e1z\u00e1sa a p\u00e1ciens sz\u00e1m\u00e1ra \u00e9rthet\u0151 nyelven.<\/li>\r\n \t<li>Gyakorlati tan\u00e1csok ny\u00fajt\u00e1sa az eg\u00e9szs\u00e9gi \u00e1llapot kezel\u00e9s\u00e9hez.<\/li>\r\n<\/ul>\r\n<\/div><br><p class=\"wp-block-heading\"><strong><span style=\"color: #ff0000;\">A kezel\u00e9s bead\u00e1sa<\/span><\/strong><\/p><br><img loading=\"lazy\" decoding=\"async\" class=\"size-medium wp-image-2332 alignleft\" src=\"https:\/\/samaritanus.ro\/wp-content\/uploads\/2025\/01\/consultatii-medicale-la-domiciliu-administrarea-tratamentului-300x300.png\" alt=\"otthoni orvosi konzult\u00e1ci\u00f3k a kezel\u00e9s bead\u00e1sa\" width=\"300\" height=\"300\" title=\"\" srcset=\"https:\/\/samaritanus.ro\/wp-content\/uploads\/2025\/01\/consultatii-medicale-la-domiciliu-administrarea-tratamentului-300x300.png 300w, https:\/\/samaritanus.ro\/wp-content\/uploads\/2025\/01\/consultatii-medicale-la-domiciliu-administrarea-tratamentului-1024x1024.png 1024w, https:\/\/samaritanus.ro\/wp-content\/uploads\/2025\/01\/consultatii-medicale-la-domiciliu-administrarea-tratamentului-150x150.png 150w, https:\/\/samaritanus.ro\/wp-content\/uploads\/2025\/01\/consultatii-medicale-la-domiciliu-administrarea-tratamentului-768x768.png 768w, https:\/\/samaritanus.ro\/wp-content\/uploads\/2025\/01\/consultatii-medicale-la-domiciliu-administrarea-tratamentului-1536x1536.png 1536w, https:\/\/samaritanus.ro\/wp-content\/uploads\/2025\/01\/consultatii-medicale-la-domiciliu-administrarea-tratamentului-52x52.png 52w, https:\/\/samaritanus.ro\/wp-content\/uploads\/2025\/01\/consultatii-medicale-la-domiciliu-administrarea-tratamentului-600x600.png 600w, https:\/\/samaritanus.ro\/wp-content\/uploads\/2025\/01\/consultatii-medicale-la-domiciliu-administrarea-tratamentului-100x100.png 100w, https:\/\/samaritanus.ro\/wp-content\/uploads\/2025\/01\/consultatii-medicale-la-domiciliu-administrarea-tratamentului.png 2000w\" sizes=\"(max-width: 300px) 100vw, 300px\" \/>A konzult\u00e1ci\u00f3 sor\u00e1n azonos\u00edtott orvosi sz\u00fcks\u00e9gletekt\u0151l f\u00fcgg\u0151en az orvos k\u00f6zvetlen\u00fcl a p\u00e1ciens otthon\u00e1ban is beadhat kezel\u00e9seket. <strong>Ezek lehetnek:<\/strong><br><br>Gy\u00f3gyszerek tabletta, kapszula vagy szirup form\u00e1j\u00e1ban, amelyeket k\u00fcl\u00f6nb\u00f6z\u0151 \u00e1llapotok kezel\u00e9s\u00e9re aj\u00e1nlanak.<br><br>Intramuszkul\u00e1ris injekci\u00f3k, amelyeket gy\u00f3gyszerek, p\u00e9ld\u00e1ul f\u00e1jdalomcsillap\u00edt\u00f3k, antibiotikumok vagy m\u00e1s sz\u00fcks\u00e9ges kezel\u00e9sek gyors \u00e9s hat\u00e9kony bead\u00e1s\u00e1ra haszn\u00e1lnak.<br><br>Inf\u00fazi\u00f3 vagy intrav\u00e9n\u00e1s injekci\u00f3k olyan kezel\u00e9sekhez, amelyek gyors \u00e9s k\u00f6zvetlen felsz\u00edv\u00f3d\u00e1st ig\u00e9nyelnek, mint p\u00e9ld\u00e1ul a hidrat\u00e1l\u00e1s, antibiotikumok bead\u00e1sa vagy az elektrolit-egyens\u00faly zavarainak korrig\u00e1l\u00e1sa.<br><ul>\r\n \t<li>N\u00e9h\u00e1ny esetben az orvos intrav\u00e9n\u00e1s, intramuszkul\u00e1ris vagy or\u00e1lis kezel\u00e9seket adhat a f\u00e1jdalom okozta kellemetlens\u00e9gek cs\u00f6kkent\u00e9s\u00e9re. Ennek a megk\u00f6zel\u00edt\u00e9snek, amelyet f\u00e1jdalomter\u00e1pi\u00e1nak neveznek, a c\u00e9lja:<\/li>\r\n \t<li>\u00cdr\u00e1sbeli aj\u00e1nl\u00e1st ad, amely r\u00e9szletezi a k\u00f3rt\u00f6rt\u00e9netet \u00e9s a szakorvoshoz val\u00f3 beutal\u00e1s okait.<\/li>\r\n<\/ul><br>&nbsp;<br><br><em><img loading=\"lazy\" decoding=\"async\" class=\"alignnone wp-image-2321\" src=\"https:\/\/samaritanus.ro\/wp-content\/uploads\/2025\/01\/112-300x289.png\" alt=\"Vizu\u00e1lis jel a 112-h\u00f6z\" width=\"69\" height=\"66\" title=\"\" srcset=\"https:\/\/samaritanus.ro\/wp-content\/uploads\/2025\/01\/112-300x289.png 300w, https:\/\/samaritanus.ro\/wp-content\/uploads\/2025\/01\/112-768x740.png 768w, https:\/\/samaritanus.ro\/wp-content\/uploads\/2025\/01\/112-54x52.png 54w, https:\/\/samaritanus.ro\/wp-content\/uploads\/2025\/01\/112-600x578.png 600w, https:\/\/samaritanus.ro\/wp-content\/uploads\/2025\/01\/112.png 897w\" sizes=\"(max-width: 69px) 100vw, 69px\" \/><\/em><strong>Fontos: Nem v\u00e1llalunk \u00e9letvesz\u00e9lyes, s\u00falyos s\u00fcrg\u0151ss\u00e9gi eseteket. Ilyen esetekben elengedhetetlen, hogy h\u00edvja a 112-es seg\u00e9lyh\u00edv\u00f3 sz\u00e1mot, vagy azonnal menjen egy s\u00fcrg\u0151ss\u00e9gi oszt\u00e1lyra.<\/strong>\t\t\t\t\t\t\t\t<\/div>\n\t\t\t\t<\/div>\n\t\t\t\t\t<\/div>\n\t\t\t\t<\/div>\n\t\t\t\t<\/div>\n\t\t","protected":false},"excerpt":{"rendered":"<p>A Samaritanus Ment\u0151szolg\u00e1lat elk\u00f6telezett amellett, hogy magas sz\u00ednvonal\u00fa orvosi szolg\u00e1ltat\u00e1sokat ny\u00fajtson k\u00f6zvetlen\u00fcl p\u00e1cienseink otthon\u00e1ban. Szak\u00e9rt\u0151 csapatunk k\u00e9szen \u00e1ll arra, hogy sz\u00e9les k\u00f6r\u0171 orvosi szolg\u00e1ltat\u00e1sokat k\u00edn\u00e1ljon, [&hellip;]<\/p>\n","protected":false},"author":4,"featured_media":0,"parent":3808,"menu_order":0,"comment_status":"closed","ping_status":"closed","template":"","meta":{"_acf_changed":false,"footnotes":""},"class_list":["post-3796","page","type-page","status-publish","hentry"],"acf":[],"_links":{"self":[{"href":"https:\/\/samaritanus.ro\/hu\/wp-json\/wp\/v2\/pages\/3796","targetHints":{"allow":["GET"]}}],"collection":[{"href":"https:\/\/samaritanus.ro\/hu\/wp-json\/wp\/v2\/pages"}],"about":[{"href":"https:\/\/samaritanus.ro\/hu\/wp-json\/wp\/v2\/types\/page"}],"author":[{"embeddable":true,"href":"https:\/\/samaritanus.ro\/hu\/wp-json\/wp\/v2\/users\/4"}],"replies":[{"embeddable":true,"href":"https:\/\/samaritanus.ro\/hu\/wp-json\/wp\/v2\/comments?post=3796"}],"version-history":[{"count":5,"href":"https:\/\/samaritanus.ro\/hu\/wp-json\/wp\/v2\/pages\/3796\/revisions"}],"predecessor-version":[{"id":5113,"href":"https:\/\/samaritanus.ro\/hu\/wp-json\/wp\/v2\/pages\/3796\/revisions\/5113"}],"up":[{"embeddable":true,"href":"https:\/\/samaritanus.ro\/hu\/wp-json\/wp\/v2\/pages\/3808"}],"wp:attachment":[{"href":"https:\/\/samaritanus.ro\/hu\/wp-json\/wp\/v2\/media?parent=3796"}],"curies":[{"name":"wp","href":"https:\/\/api.w.org\/{rel}","templated":true}]}}