{"id":3788,"date":"2017-03-10T07:32:48","date_gmt":"2017-03-10T05:32:48","guid":{"rendered":"https:\/\/samaritanus.ro\/educatie-medicala-continua\/"},"modified":"2025-08-21T11:36:17","modified_gmt":"2025-08-21T09:36:17","slug":"folyamatos-orvosi-tovabbkepzes","status":"publish","type":"page","link":"https:\/\/samaritanus.ro\/hu\/folyamatos-orvosi-tovabbkepzes\/","title":{"rendered":"Folyamatos orvosi tov\u00e1bbk\u00e9pz\u00e9s"},"content":{"rendered":"<p>A folyamatos orvosi tov\u00e1bbk\u00e9pz\u00e9s \u00f6t szervezeten kereszt\u00fcl t\u00f6rt\u00e9nik.<\/p>\n<ol>\n<li>ROM\u00c1N ORVOSI KAMARA<\/li>\n<li>ROM\u00c1N \u00c1POL\u00d3I \u00c9S SZ\u00dcL\u00c9SZN\u0150I SZAKRENDEL\u0150<\/li>\n<li>EURAC &#8211; EUR\u00d3PAI KUTAT\u00c1SI AKAD\u00c9MIA<\/li>\n<li>SA-RRT &#8211; SAMARITANUS AUSZTRIA &#8211; GYORSREAG\u00c1L\u00c1S\u00da CSAPAT<\/li>\n<li>SAMARITANUS MENT\u0150SZOLG\u00c1LAT &#8211; K\u00d6TELEZ\u0150 ELJ\u00c1R\u00c1SOK<\/li>\n<\/ol>\n<p>Az elj\u00e1r\u00e1sokat al\u00e1bb tekintheti meg.<\/p>\n\n\n<p><\/p>\n","protected":false},"excerpt":{"rendered":"<p>A folyamatos orvosi tov\u00e1bbk\u00e9pz\u00e9s \u00f6t szervezeten kereszt\u00fcl t\u00f6rt\u00e9nik. ROM\u00c1N ORVOSI KAMARA ROM\u00c1N \u00c1POL\u00d3I \u00c9S SZ\u00dcL\u00c9SZN\u0150I SZAKRENDEL\u0150 EURAC &#8211; EUR\u00d3PAI KUTAT\u00c1SI AKAD\u00c9MIA SA-RRT &#8211; SAMARITANUS AUSZTRIA [&hellip;]<\/p>\n","protected":false},"author":9,"featured_media":0,"parent":0,"menu_order":0,"comment_status":"closed","ping_status":"closed","template":"","meta":{"_acf_changed":false,"footnotes":""},"class_list":["post-3788","page","type-page","status-publish","hentry"],"acf":[],"_links":{"self":[{"href":"https:\/\/samaritanus.ro\/hu\/wp-json\/wp\/v2\/pages\/3788","targetHints":{"allow":["GET"]}}],"collection":[{"href":"https:\/\/samaritanus.ro\/hu\/wp-json\/wp\/v2\/pages"}],"about":[{"href":"https:\/\/samaritanus.ro\/hu\/wp-json\/wp\/v2\/types\/page"}],"author":[{"embeddable":true,"href":"https:\/\/samaritanus.ro\/hu\/wp-json\/wp\/v2\/users\/9"}],"replies":[{"embeddable":true,"href":"https:\/\/samaritanus.ro\/hu\/wp-json\/wp\/v2\/comments?post=3788"}],"version-history":[{"count":2,"href":"https:\/\/samaritanus.ro\/hu\/wp-json\/wp\/v2\/pages\/3788\/revisions"}],"predecessor-version":[{"id":5877,"href":"https:\/\/samaritanus.ro\/hu\/wp-json\/wp\/v2\/pages\/3788\/revisions\/5877"}],"wp:attachment":[{"href":"https:\/\/samaritanus.ro\/hu\/wp-json\/wp\/v2\/media?parent=3788"}],"curies":[{"name":"wp","href":"https:\/\/api.w.org\/{rel}","templated":true}]}}