{"id":3757,"date":"2017-03-27T14:29:14","date_gmt":"2017-03-27T12:29:14","guid":{"rendered":"https:\/\/samaritanus.ro\/heroes-without-superpowers\/"},"modified":"2025-08-13T16:11:29","modified_gmt":"2025-08-13T14:11:29","slug":"heroes-without-superpowers","status":"publish","type":"page","link":"https:\/\/samaritanus.ro\/hu\/heroes-without-superpowers\/","title":{"rendered":"Heroes without Superpowers"},"content":{"rendered":"\t\t<div data-elementor-type=\"wp-page\" data-elementor-id=\"3757\" class=\"elementor elementor-3757 elementor-415\">\n\t\t\t\t<div class=\"elementor-element elementor-element-707b89c e-flex e-con-boxed e-con e-parent\" data-id=\"707b89c\" data-element_type=\"container\">\n\t\t\t\t\t<div class=\"e-con-inner\">\n\t\t\t\t<div class=\"elementor-element elementor-element-28b4e97 elementor-widget elementor-widget-text-editor\" data-id=\"28b4e97\" data-element_type=\"widget\" data-widget_type=\"text-editor.default\">\n\t\t\t\t<div class=\"elementor-widget-container\">\n\t\t\t\t\t\t\t\t\t<p>H\u0151s\u00f6k szuperer\u0151 n\u00e9lk\u00fcl: Az els\u0151seg\u00e9lyny\u00fajt\u00e1s elsaj\u00e1t\u00edt\u00e1sa t\u00f6bb mint egy c\u00edm \u2013 ez egy megh\u00edv\u00e1s arra, hogy felfedezd, hogyan saj\u00e1t\u00edtj\u00e1k el a gyermekek a Samaritanus k\u00e9pzett szakembereivel egy\u00fctt az alapvet\u0151 els\u0151seg\u00e9lyny\u00fajt\u00e1si k\u00e9szs\u00e9geket.<\/p>\n\t\t\t\t\t\t\t\t<\/div>\n\t\t\t\t<\/div>\n\t\t\t\t\t<\/div>\n\t\t\t\t<\/div>\n\t\t<div class=\"elementor-element elementor-element-5917a25c e-flex e-con-boxed e-con e-parent\" data-id=\"5917a25c\" data-element_type=\"container\">\n\t\t\t\t\t<div class=\"e-con-inner\">\n\t\t\t\t<div class=\"elementor-element elementor-element-7db917b2 elementor-widget elementor-widget-shortcode\" data-id=\"7db917b2\" data-element_type=\"widget\" data-widget_type=\"shortcode.default\">\n\t\t\t\t<div class=\"elementor-widget-container\">\n\t\t\t\t\t\t\t<div class=\"elementor-shortcode\"><div style=\"width: 640px;\" class=\"wp-video\"><video class=\"wp-video-shortcode\" id=\"video-3757-1\" width=\"640\" height=\"360\" preload=\"metadata\" controls=\"controls\"><source type=\"video\/mp4\" src=\"http:\/\/samaritanus.ro\/wp-content\/uploads\/2017\/03\/Samaritanus-Flash-mob-Heroes-without-superpowers-oficial-video-1.mp4?_=1\" \/><a href=\"http:\/\/samaritanus.ro\/wp-content\/uploads\/2017\/03\/Samaritanus-Flash-mob-Heroes-without-superpowers-oficial-video-1.mp4\">http:\/\/samaritanus.ro\/wp-content\/uploads\/2017\/03\/Samaritanus-Flash-mob-Heroes-without-superpowers-oficial-video-1.mp4<\/a><\/video><\/div><\/div>\n\t\t\t\t\t\t<\/div>\n\t\t\t\t<\/div>\n\t\t\t\t\t<\/div>\n\t\t\t\t<\/div>\n\t\t<div class=\"elementor-element elementor-element-d08fe25 e-flex e-con-boxed e-con e-parent\" data-id=\"d08fe25\" data-element_type=\"container\">\n\t\t\t\t\t<div class=\"e-con-inner\">\n\t\t\t\t<div class=\"elementor-element elementor-element-944fe81 elementor-widget elementor-widget-text-editor\" data-id=\"944fe81\" data-element_type=\"widget\" data-widget_type=\"text-editor.default\">\n\t\t\t\t<div class=\"elementor-widget-container\">\n\t\t\t\t\t\t\t\t\t<p>Fedezd fel az Ambulan\u021ba Samaritanus \u00e1ltal k\u00edn\u00e1lt els\u0151seg\u00e9lyny\u00fajt\u00f3 tanfolyamokat gyerekek \u00e9s alkalmazottak sz\u00e1m\u00e1ra.<\/p>\n\t\t\t\t\t\t\t\t<\/div>\n\t\t\t\t<\/div>\n\t\t\t\t\t<\/div>\n\t\t\t\t<\/div>\n\t\t\t\t<\/div>\n\t\t","protected":false},"excerpt":{"rendered":"<p>H\u0151s\u00f6k szuperer\u0151 n\u00e9lk\u00fcl: Az els\u0151seg\u00e9lyny\u00fajt\u00e1s elsaj\u00e1t\u00edt\u00e1sa t\u00f6bb mint egy c\u00edm \u2013 ez egy megh\u00edv\u00e1s arra, hogy felfedezd, hogyan saj\u00e1t\u00edtj\u00e1k el a gyermekek a Samaritanus k\u00e9pzett [&hellip;]<\/p>\n","protected":false},"author":2,"featured_media":0,"parent":0,"menu_order":0,"comment_status":"closed","ping_status":"closed","template":"","meta":{"_acf_changed":false,"footnotes":""},"class_list":["post-3757","page","type-page","status-publish","hentry"],"acf":[],"_links":{"self":[{"href":"https:\/\/samaritanus.ro\/hu\/wp-json\/wp\/v2\/pages\/3757","targetHints":{"allow":["GET"]}}],"collection":[{"href":"https:\/\/samaritanus.ro\/hu\/wp-json\/wp\/v2\/pages"}],"about":[{"href":"https:\/\/samaritanus.ro\/hu\/wp-json\/wp\/v2\/types\/page"}],"author":[{"embeddable":true,"href":"https:\/\/samaritanus.ro\/hu\/wp-json\/wp\/v2\/users\/2"}],"replies":[{"embeddable":true,"href":"https:\/\/samaritanus.ro\/hu\/wp-json\/wp\/v2\/comments?post=3757"}],"version-history":[{"count":2,"href":"https:\/\/samaritanus.ro\/hu\/wp-json\/wp\/v2\/pages\/3757\/revisions"}],"predecessor-version":[{"id":4669,"href":"https:\/\/samaritanus.ro\/hu\/wp-json\/wp\/v2\/pages\/3757\/revisions\/4669"}],"wp:attachment":[{"href":"https:\/\/samaritanus.ro\/hu\/wp-json\/wp\/v2\/media?parent=3757"}],"curies":[{"name":"wp","href":"https:\/\/api.w.org\/{rel}","templated":true}]}}