{"id":3737,"date":"2017-04-25T14:32:19","date_gmt":"2017-04-25T12:32:19","guid":{"rendered":"https:\/\/samaritanus.ro\/provision-of-a-baby-capsule-hire-service\/"},"modified":"2025-08-21T13:36:12","modified_gmt":"2025-08-21T11:36:12","slug":"magan-mentoszolgalat-koltsegei","status":"publish","type":"page","link":"https:\/\/samaritanus.ro\/hu\/orvosi-szolgaltatasok\/magan-mentoszolgalat-koltsegei\/","title":{"rendered":"\u00c9ves \u00c1tlagos K\u00f6lts\u00e9gek"},"content":{"rendered":"<div style=\"width: 640px;\" class=\"wp-video\"><video class=\"wp-video-shortcode\" id=\"video-3737-1\" width=\"640\" height=\"360\" preload=\"metadata\" controls=\"controls\"><source type=\"video\/mp4\" src=\"https:\/\/samaritanus.ro\/wp-content\/uploads\/2017\/04\/CHELTUIELI-0rklKijrLk3I_beta.mp4?_=1\" \/><a href=\"https:\/\/samaritanus.ro\/wp-content\/uploads\/2017\/04\/CHELTUIELI-0rklKijrLk3I_beta.mp4\">https:\/\/samaritanus.ro\/wp-content\/uploads\/2017\/04\/CHELTUIELI-0rklKijrLk3I_beta.mp4<\/a><\/video><\/div>\n","protected":false},"excerpt":{"rendered":"","protected":false},"author":4,"featured_media":0,"parent":3808,"menu_order":0,"comment_status":"closed","ping_status":"closed","template":"","meta":{"_acf_changed":false,"footnotes":""},"class_list":["post-3737","page","type-page","status-publish","hentry"],"acf":[],"_links":{"self":[{"href":"https:\/\/samaritanus.ro\/hu\/wp-json\/wp\/v2\/pages\/3737","targetHints":{"allow":["GET"]}}],"collection":[{"href":"https:\/\/samaritanus.ro\/hu\/wp-json\/wp\/v2\/pages"}],"about":[{"href":"https:\/\/samaritanus.ro\/hu\/wp-json\/wp\/v2\/types\/page"}],"author":[{"embeddable":true,"href":"https:\/\/samaritanus.ro\/hu\/wp-json\/wp\/v2\/users\/4"}],"replies":[{"embeddable":true,"href":"https:\/\/samaritanus.ro\/hu\/wp-json\/wp\/v2\/comments?post=3737"}],"version-history":[{"count":4,"href":"https:\/\/samaritanus.ro\/hu\/wp-json\/wp\/v2\/pages\/3737\/revisions"}],"predecessor-version":[{"id":5909,"href":"https:\/\/samaritanus.ro\/hu\/wp-json\/wp\/v2\/pages\/3737\/revisions\/5909"}],"up":[{"embeddable":true,"href":"https:\/\/samaritanus.ro\/hu\/wp-json\/wp\/v2\/pages\/3808"}],"wp:attachment":[{"href":"https:\/\/samaritanus.ro\/hu\/wp-json\/wp\/v2\/media?parent=3737"}],"curies":[{"name":"wp","href":"https:\/\/api.w.org\/{rel}","templated":true}]}}