{"id":5904,"date":"2017-04-25T14:33:26","date_gmt":"2017-04-25T12:33:26","guid":{"rendered":"https:\/\/samaritanus.ro\/medical-services\/we-offer-the-highest-standards-of-care\/"},"modified":"2025-08-21T13:26:50","modified_gmt":"2025-08-21T11:26:50","slug":"we-offer-the-highest-standards-of-care","status":"publish","type":"page","link":"https:\/\/samaritanus.ro\/en\/medical-services\/we-offer-the-highest-standards-of-care\/","title":{"rendered":"We Offer the Highest Standards of Care"},"content":{"rendered":"\t\t<div data-elementor-type=\"wp-page\" data-elementor-id=\"5904\" class=\"elementor elementor-5904 elementor-1392\">\n\t\t\t\t<div class=\"elementor-element elementor-element-471171ef e-flex e-con-boxed e-con e-parent\" data-id=\"471171ef\" data-element_type=\"container\">\n\t\t\t\t\t<div class=\"e-con-inner\">\n\t\t\t\t<div class=\"elementor-element elementor-element-6a369ffc elementor-widget elementor-widget-text-editor\" data-id=\"6a369ffc\" data-element_type=\"widget\" data-widget_type=\"text-editor.default\">\n\t\t\t\t<div class=\"elementor-widget-container\">\n\t\t\t\t\t\t\t\t\t<p>Our priority is to be a service that meets the needs of the public and our patients, with well-trained, dedicated, and enthusiastic staff who are proud of their profession and workplace.<br \/>We aim to deliver the highest standards of medical care and contribute to the health of T\u00e2rgu Mure\u0219 residents, achieving positive health outcomes.<\/p>\n<div id='gallery-1' class='gallery galleryid-5904 gallery-columns-1 gallery-size-large'><figure class='gallery-item'>\n\t\t\t<div class='gallery-icon landscape'>\n\t\t\t\t<a href='https:\/\/samaritanus.ro\/wp-content\/uploads\/2017\/04\/Samaritanus0027.jpg'><img fetchpriority=\"high\" decoding=\"async\" width=\"640\" height=\"426\" src=\"https:\/\/samaritanus.ro\/wp-content\/uploads\/2017\/04\/Samaritanus0027-1024x682.jpg\" class=\"attachment-large size-large\" alt=\"\u00cengrijire medical\u0103 de calitate oferit\u0103 de personalul Samaritenus T\u00e2rgu Mure\u0219\" srcset=\"https:\/\/samaritanus.ro\/wp-content\/uploads\/2017\/04\/Samaritanus0027-1024x682.jpg 1024w, https:\/\/samaritanus.ro\/wp-content\/uploads\/2017\/04\/Samaritanus0027-600x400.jpg 600w, https:\/\/samaritanus.ro\/wp-content\/uploads\/2017\/04\/Samaritanus0027-300x200.jpg 300w, https:\/\/samaritanus.ro\/wp-content\/uploads\/2017\/04\/Samaritanus0027-768x512.jpg 768w, https:\/\/samaritanus.ro\/wp-content\/uploads\/2017\/04\/Samaritanus0027-78x52.jpg 78w, https:\/\/samaritanus.ro\/wp-content\/uploads\/2017\/04\/Samaritanus0027.jpg 2000w\" sizes=\"(max-width: 640px) 100vw, 640px\" title=\"\"><\/a>\n\t\t\t<\/div><\/figure>\n\t\t<\/div>\n\n<div class=\"thumb-pad7\">\n<div class=\"thumbnail\">\n<div class=\"caption\">\n<p><strong>Care<\/strong> We assist people when they need us, treating them with compassion, dignity, and respect, proud of our work and organization.<\/p>\n<div id='gallery-2' class='gallery galleryid-5904 gallery-columns-1 gallery-size-medium'><figure class='gallery-item'>\n\t\t\t<div class='gallery-icon landscape'>\n\t\t\t\t<a href='https:\/\/samaritanus.ro\/wp-content\/uploads\/2017\/03\/Samaritanus0048.jpg'><img decoding=\"async\" width=\"300\" height=\"200\" src=\"https:\/\/samaritanus.ro\/wp-content\/uploads\/2017\/03\/Samaritanus0048-300x200.jpg\" class=\"attachment-medium size-medium\" alt=\"Personal medical care ofer\u0103 \u00eengrijire cu compasiune \u0219i respect\" srcset=\"https:\/\/samaritanus.ro\/wp-content\/uploads\/2017\/03\/Samaritanus0048-300x200.jpg 300w, https:\/\/samaritanus.ro\/wp-content\/uploads\/2017\/03\/Samaritanus0048-600x400.jpg 600w, https:\/\/samaritanus.ro\/wp-content\/uploads\/2017\/03\/Samaritanus0048-768x512.jpg 768w, https:\/\/samaritanus.ro\/wp-content\/uploads\/2017\/03\/Samaritanus0048-1024x682.jpg 1024w, https:\/\/samaritanus.ro\/wp-content\/uploads\/2017\/03\/Samaritanus0048-78x52.jpg 78w, https:\/\/samaritanus.ro\/wp-content\/uploads\/2017\/03\/Samaritanus0048.jpg 2000w\" sizes=\"(max-width: 300px) 100vw, 300px\" title=\"\"><\/a>\n\t\t\t<\/div><\/figure>\n\t\t<\/div>\n\n<\/div>\n<p><\/div>\n<p><\/div>\n<p><\/p>\n<div class=\"thumb-pad7\">\n<div class=\"thumbnail\">\n<div class=\"caption\">\n<p><strong>Clinical Excellence<\/strong> We provide our patients with the best possible care, guided by best medical practices, using feedback from staff and patients to improve outcomes.<\/p>\n<div id='gallery-3' class='gallery galleryid-5904 gallery-columns-1 gallery-size-medium'><figure class='gallery-item'>\n\t\t\t<div class='gallery-icon landscape'>\n\t\t\t\t<a href='https:\/\/samaritanus.ro\/wp-content\/uploads\/2017\/03\/Samaritanus0081.jpg'><img decoding=\"async\" width=\"300\" height=\"200\" src=\"https:\/\/samaritanus.ro\/wp-content\/uploads\/2017\/03\/Samaritanus0081-300x200.jpg\" class=\"attachment-medium size-medium\" alt=\"Ambulan\u021b\u0103 privata Samaritanus dotat\u0103 la standarde \u00eenalte pentru siguran\u021ba pacientului\" srcset=\"https:\/\/samaritanus.ro\/wp-content\/uploads\/2017\/03\/Samaritanus0081-300x200.jpg 300w, https:\/\/samaritanus.ro\/wp-content\/uploads\/2017\/03\/Samaritanus0081-600x400.jpg 600w, https:\/\/samaritanus.ro\/wp-content\/uploads\/2017\/03\/Samaritanus0081-768x512.jpg 768w, https:\/\/samaritanus.ro\/wp-content\/uploads\/2017\/03\/Samaritanus0081-1024x682.jpg 1024w, https:\/\/samaritanus.ro\/wp-content\/uploads\/2017\/03\/Samaritanus0081-78x52.jpg 78w, https:\/\/samaritanus.ro\/wp-content\/uploads\/2017\/03\/Samaritanus0081.jpg 2000w\" sizes=\"(max-width: 300px) 100vw, 300px\" title=\"\"><\/a>\n\t\t\t<\/div><\/figure>\n\t\t<\/div>\n\n<\/div>\n<p><\/div>\n<p><\/div>\n<p><\/p>\n<div class=\"thumb-pad7\">\n<div class=\"thumbnail\">\n<div class=\"caption\">\n<p><strong>Commitment<\/strong> Setting high standards and delivering them, supporting our staff to be trained and develop.<\/p>\n<\/div>\n<p><\/div>\n<p><\/div>\n\t\t\t\t\t\t\t\t<\/div>\n\t\t\t\t<\/div>\n\t\t\t\t\t<\/div>\n\t\t\t\t<\/div>\n\t\t\t\t<\/div>\n\t\t","protected":false},"excerpt":{"rendered":"<p>Our priority is to be a service that meets the needs of the public and our patients, with well-trained, dedicated, and enthusiastic staff who are [&hellip;]<\/p>\n","protected":false},"author":4,"featured_media":0,"parent":3807,"menu_order":0,"comment_status":"closed","ping_status":"closed","template":"","meta":{"_acf_changed":false,"footnotes":""},"class_list":["post-5904","page","type-page","status-publish","hentry"],"acf":[],"_links":{"self":[{"href":"https:\/\/samaritanus.ro\/en\/wp-json\/wp\/v2\/pages\/5904","targetHints":{"allow":["GET"]}}],"collection":[{"href":"https:\/\/samaritanus.ro\/en\/wp-json\/wp\/v2\/pages"}],"about":[{"href":"https:\/\/samaritanus.ro\/en\/wp-json\/wp\/v2\/types\/page"}],"author":[{"embeddable":true,"href":"https:\/\/samaritanus.ro\/en\/wp-json\/wp\/v2\/users\/4"}],"replies":[{"embeddable":true,"href":"https:\/\/samaritanus.ro\/en\/wp-json\/wp\/v2\/comments?post=5904"}],"version-history":[{"count":1,"href":"https:\/\/samaritanus.ro\/en\/wp-json\/wp\/v2\/pages\/5904\/revisions"}],"predecessor-version":[{"id":5905,"href":"https:\/\/samaritanus.ro\/en\/wp-json\/wp\/v2\/pages\/5904\/revisions\/5905"}],"up":[{"embeddable":true,"href":"https:\/\/samaritanus.ro\/en\/wp-json\/wp\/v2\/pages\/3807"}],"wp:attachment":[{"href":"https:\/\/samaritanus.ro\/en\/wp-json\/wp\/v2\/media?parent=5904"}],"curies":[{"name":"wp","href":"https:\/\/api.w.org\/{rel}","templated":true}]}}