{"id":3779,"date":"2017-03-10T07:33:49","date_gmt":"2017-03-10T07:33:49","guid":{"rendered":"https:\/\/samaritanus.ro\/professional-development\/"},"modified":"2017-03-10T07:33:49","modified_gmt":"2017-03-10T07:33:49","slug":"professional-development","status":"publish","type":"page","link":"https:\/\/samaritanus.ro\/en\/professional-development\/","title":{"rendered":"Professional Development"},"content":{"rendered":"<p><b>Lorem Ipsum<\/b> este pur \u015fi simplu o machet\u0103 pentru text a industriei tipografice. Lorem Ipsum a fost macheta standard a industriei \u00eenc\u0103 din secolul al XVI-lea, c\u00e2nd un tipograf anonim a luat o plan\u015fet\u0103 de litere \u015fi le-a amestecat pentru a crea o carte demonstrativ\u0103 pentru literele respective. Nu doar c\u0103 a supravie\u0163uit timp de cinci secole, dar \u015fi a facut saltul \u00een tipografia electronic\u0103 practic neschimbat\u0103. A fost popularizat\u0103 \u00een anii \u201960 odat\u0103 cu ie\u015firea colilor Letraset care con\u0163ineau pasaje Lorem Ipsum, iar mai recent, prin programele de publicare pentru calculator, ca Aldus PageMaker care includeau versiuni de Lorem Ipsum.<\/p>\n<p><b>Lorem Ipsum<\/b> este pur \u015fi simplu o machet\u0103 pentru text a industriei tipografice. Lorem Ipsum a fost macheta standard a industriei \u00eenc\u0103 din secolul al XVI-lea, c\u00e2nd un tipograf anonim a luat o plan\u015fet\u0103 de litere \u015fi le-a amestecat pentru a crea o carte demonstrativ\u0103 pentru literele respective. Nu doar c\u0103 a supravie\u0163uit timp de cinci secole, dar \u015fi a facut saltul \u00een tipografia electronic\u0103 practic neschimbat\u0103. A fost popularizat\u0103 \u00een anii \u201960 odat\u0103 cu ie\u015firea colilor Letraset care con\u0163ineau pasaje Lorem Ipsum, iar mai recent, prin programele de publicare pentru calculator, ca Aldus PageMaker care includeau versiuni de Lorem Ipsum.<\/p>\n","protected":false},"excerpt":{"rendered":"<p>Lorem Ipsum este pur \u015fi simplu o machet\u0103 pentru text a industriei tipografice. Lorem Ipsum a fost macheta standard a industriei \u00eenc\u0103 din secolul al [&hellip;]<\/p>\n","protected":false},"author":9,"featured_media":0,"parent":0,"menu_order":0,"comment_status":"closed","ping_status":"closed","template":"","meta":{"_acf_changed":false,"footnotes":""},"class_list":["post-3779","page","type-page","status-publish","hentry"],"acf":[],"_links":{"self":[{"href":"https:\/\/samaritanus.ro\/en\/wp-json\/wp\/v2\/pages\/3779","targetHints":{"allow":["GET"]}}],"collection":[{"href":"https:\/\/samaritanus.ro\/en\/wp-json\/wp\/v2\/pages"}],"about":[{"href":"https:\/\/samaritanus.ro\/en\/wp-json\/wp\/v2\/types\/page"}],"author":[{"embeddable":true,"href":"https:\/\/samaritanus.ro\/en\/wp-json\/wp\/v2\/users\/9"}],"replies":[{"embeddable":true,"href":"https:\/\/samaritanus.ro\/en\/wp-json\/wp\/v2\/comments?post=3779"}],"version-history":[{"count":0,"href":"https:\/\/samaritanus.ro\/en\/wp-json\/wp\/v2\/pages\/3779\/revisions"}],"wp:attachment":[{"href":"https:\/\/samaritanus.ro\/en\/wp-json\/wp\/v2\/media?parent=3779"}],"curies":[{"name":"wp","href":"https:\/\/api.w.org\/{rel}","templated":true}]}}