{"id":3742,"date":"2017-04-25T14:30:31","date_gmt":"2017-04-25T12:30:31","guid":{"rendered":"https:\/\/samaritanus.ro\/commercial-activities-such-as-industry-contracts\/"},"modified":"2025-08-14T13:19:49","modified_gmt":"2025-08-14T11:19:49","slug":"commercial-activities-such-as-industry-contracts","status":"publish","type":"page","link":"https:\/\/samaritanus.ro\/en\/medical-services\/commercial-activities-such-as-industry-contracts\/","title":{"rendered":"Commercial activities in the form of private contracts"},"content":{"rendered":"\t\t<div data-elementor-type=\"wp-page\" data-elementor-id=\"3742\" class=\"elementor elementor-3742 elementor-1381\">\n\t\t\t\t<div class=\"elementor-element elementor-element-5cd0f877 e-flex e-con-boxed e-con e-parent\" data-id=\"5cd0f877\" data-element_type=\"container\">\n\t\t\t\t\t<div class=\"e-con-inner\">\n\t\t\t\t<div class=\"elementor-element elementor-element-2f3a5249 elementor-widget elementor-widget-text-editor\" data-id=\"2f3a5249\" data-element_type=\"widget\" data-widget_type=\"text-editor.default\">\n\t\t\t\t<div class=\"elementor-widget-container\">\n\t\t\t\t\t\t\t\t\t<p>Upon request, we can provide long-term emergency medical assistance for commercial enterprises, companies, industrial platforms, maritime platforms, and television shows. Our private ambulance crews consist of doctors and EMS medical assistants. When needed, we can deploy land transport ambulances, Advanced Medical Posts, and Off-Road vehicles. Requests are made through our dispatch center at 0365 400 800.<\/p>\n<div id='gallery-1' class='gallery galleryid-3742 gallery-columns-1 gallery-size-large'><figure class='gallery-item'>\n\t\t\t<div class='gallery-icon landscape'>\n\t\t\t\t<a href='https:\/\/samaritanus.ro\/wp-content\/uploads\/2017\/03\/Samaritanus0034.jpg'><img fetchpriority=\"high\" decoding=\"async\" width=\"640\" height=\"426\" src=\"https:\/\/samaritanus.ro\/wp-content\/uploads\/2017\/03\/Samaritanus0034-1024x682.jpg\" class=\"attachment-large size-large\" alt=\"Sigur, iat\u0103 c\u00e2teva sugestii:\n\n### Cuvinte cheie:\n1. servicii medicale private\n2. ambulan\u021b\u0103 privat\u0103\n3. contracte medicale companii\n4. asistenta medical\u0103 evenimente\n5. asisten\u021b\u0103 medical\u0103 avansat\u0103\n6. interven\u021bii de urgen\u021b\u0103\n7. consulta\u021bii medicale la solicitare\n8. echip\u0103 medical\u0103 profesionist\u0103\n9. servicii medicale personalizate\n10. transport medical sigur\n\n### Meta titlu (60 caractere):\nAsisten\u021b\u0103 Medical\u0103 Privat\u0103 \u2013 Servicii de Urgen\u021b\u0103 \u0219i Contracte\n\n### Meta descriere (150 caractere):\nOferim asisten\u021b\u0103 medical\u0103 de urgen\u021b\u0103 \u0219i servicii personalizate prin contracte private pentru companii. Siguran\u021b\u0103 \u0219i profesionalism la fiecare pas.\n\n### Descriere imagine:\nEchipe medicale preg\u0103tite pentru interven\u021bii rapide cu ambulan\u021b\u0103 privat\u0103, echipate pentru asisten\u021b\u0103 de urgen\u021b\u0103.\" srcset=\"https:\/\/samaritanus.ro\/wp-content\/uploads\/2017\/03\/Samaritanus0034-1024x682.jpg 1024w, https:\/\/samaritanus.ro\/wp-content\/uploads\/2017\/03\/Samaritanus0034-600x400.jpg 600w, https:\/\/samaritanus.ro\/wp-content\/uploads\/2017\/03\/Samaritanus0034-300x200.jpg 300w, https:\/\/samaritanus.ro\/wp-content\/uploads\/2017\/03\/Samaritanus0034-768x512.jpg 768w, https:\/\/samaritanus.ro\/wp-content\/uploads\/2017\/03\/Samaritanus0034-78x52.jpg 78w, https:\/\/samaritanus.ro\/wp-content\/uploads\/2017\/03\/Samaritanus0034.jpg 2000w\" sizes=\"(max-width: 640px) 100vw, 640px\" title=\"\"><\/a>\n\t\t\t<\/div><\/figure>\n\t\t<\/div>\n\n\t\t\t\t\t\t\t\t<\/div>\n\t\t\t\t<\/div>\n\t\t\t\t\t<\/div>\n\t\t\t\t<\/div>\n\t\t\t\t<\/div>\n\t\t","protected":false},"excerpt":{"rendered":"<p>Upon request, we can provide long-term emergency medical assistance for commercial enterprises, companies, industrial platforms, maritime platforms, and television shows. Our private ambulance crews consist [&hellip;]<\/p>\n","protected":false},"author":4,"featured_media":0,"parent":3807,"menu_order":0,"comment_status":"closed","ping_status":"closed","template":"","meta":{"_acf_changed":false,"footnotes":""},"class_list":["post-3742","page","type-page","status-publish","hentry"],"acf":[],"_links":{"self":[{"href":"https:\/\/samaritanus.ro\/en\/wp-json\/wp\/v2\/pages\/3742","targetHints":{"allow":["GET"]}}],"collection":[{"href":"https:\/\/samaritanus.ro\/en\/wp-json\/wp\/v2\/pages"}],"about":[{"href":"https:\/\/samaritanus.ro\/en\/wp-json\/wp\/v2\/types\/page"}],"author":[{"embeddable":true,"href":"https:\/\/samaritanus.ro\/en\/wp-json\/wp\/v2\/users\/4"}],"replies":[{"embeddable":true,"href":"https:\/\/samaritanus.ro\/en\/wp-json\/wp\/v2\/comments?post=3742"}],"version-history":[{"count":2,"href":"https:\/\/samaritanus.ro\/en\/wp-json\/wp\/v2\/pages\/3742\/revisions"}],"predecessor-version":[{"id":4841,"href":"https:\/\/samaritanus.ro\/en\/wp-json\/wp\/v2\/pages\/3742\/revisions\/4841"}],"up":[{"embeddable":true,"href":"https:\/\/samaritanus.ro\/en\/wp-json\/wp\/v2\/pages\/3807"}],"wp:attachment":[{"href":"https:\/\/samaritanus.ro\/en\/wp-json\/wp\/v2\/media?parent=3742"}],"curies":[{"name":"wp","href":"https:\/\/api.w.org\/{rel}","templated":true}]}}